{"id":2,"date":"2012-01-17T23:38:26","date_gmt":"2012-01-17T23:38:26","guid":{"rendered":"http:\/\/localhost\/bettina\/?page_id=2"},"modified":"2023-06-14T21:26:22","modified_gmt":"2023-06-14T19:26:22","slug":"beispiel-seite","status":"publish","type":"page","link":"https:\/\/www.reset-neustart.de\/","title":{"rendered":"Reset  Neustart"},"content":{"rendered":"<p>&nbsp;<\/p>\n<h2 style=\"font-weight: 400;\">Entfessle deine Emotionen &amp; entdecke inneren Frieden \u2013 die Reise beginnt in dir!<\/h2>\n<p>&nbsp;<\/p>\n<p style=\"font-weight: 400;\">Unser Leben kann manchmal wie auf Autopilot verlaufen, und wir sp\u00fcren den starken Wunsch nach Ver\u00e4nderung. Vielleicht erkennen wir, dass wir uns von unserem wahren Potenzial entfernt haben und uns nach Liebe, Geborgenheit, Ruhe und Gl\u00fcck sehnen. Wir m\u00f6chten das Leben wieder in vollen Z\u00fcgen genie\u00dfen, uns frei und leicht f\u00fchlen und unsere Kreativit\u00e4t entfesseln.<\/p>\n<p style=\"font-weight: 400;\">Bei RESET YOUR LIFE biete ich dir die M\u00f6glichkeit, den Reset-Knopf zu dr\u00fccken und deinem Leben eine neue Richtung zu geben.<\/p>\n<p style=\"font-weight: 400;\">Doch wie genau funktioniert das? Auf meiner Website erh\u00e4ltst du einen ersten Einblick, und meine Angebote, auch kostenfreie, erm\u00f6glichen dir eine tiefere Erfahrung.<\/p>\n<p>&nbsp;<\/p>\n<h3 style=\"font-weight: 400;\">EMOTIONALE FREIHEIT &amp; INNERER FRIEDEN BEGINNEN IN DIR!<\/h3>\n<p>&nbsp;<\/p>\n<p style=\"font-weight: 400;\">Gef\u00fchle sind eine reichhaltige Dimension unseres menschlichen Lebens. Doch oft reagieren wir automatisch und versuchen, unangenehme Gef\u00fchle zu vermeiden. Wir haben vielleicht gelernt, dass sie Schw\u00e4che bedeuten, aber sie verschwinden nicht einfach, nur weil wir es so wollen. Indem wir unsere Gef\u00fchle verurteilen, leugnen oder unterdr\u00fccken, blockieren wir uns innerlich und f\u00fchlen uns gar verlassen oder allein.<\/p>\n<p style=\"font-weight: 400;\">Manchmal verurteilen wir nicht nur unsere eigenen Gef\u00fchle, sondern auch die anderer, was zu emotionaler Distanz f\u00fchrt, obwohl wir uns eigentlich nach erf\u00fcllender N\u00e4he sehnen.<\/p>\n<p style=\"font-weight: 400;\">Diese unbewussten Gewohnheiten, unsere Gef\u00fchle zu neutralisieren, k\u00f6nnen gro\u00dfe Hindernisse f\u00fcr die Transformation sein, die wir uns so sehnlichst w\u00fcnschen.<\/p>\n<p style=\"font-weight: 400;\">Aber was w\u00e4re, wenn dieses Unbehagen in Bezug auf deine Gef\u00fchlswelt etwas so Kraftvolles und Authentisches offenbaren k\u00f6nnte, dass es zu deinem gr\u00f6\u00dften Werkzeug wird?<\/p>\n<p style=\"font-weight: 400;\">Stell dir vor, du k\u00f6nntest dadurch:<\/p>\n<ul>\n<li>Emotionalen Mut und emotionale Freiheit gewinnen,<\/li>\n<li>Grenzen \u00fcberwinden und dein Leben aktiv gestalten,<\/li>\n<li>emotionale Intimit\u00e4t zu dir selbst und anderen aufbauen und vertiefen,<\/li>\n<li>ein Gef\u00fchl von authentischer Verbundenheit und Ganzheit erlangen.<\/li>\n<\/ul>\n<p style=\"font-weight: 400;\">Was w\u00e4re, wenn die Art und Weise, wie du auf Emotionen reagierst, jede Beziehung in deinem Leben reifer und erf\u00fcllender machen k\u00f6nnte?<\/p>\n<h3 style=\"font-weight: 400;\">Erwecke deine Emotionale Freiheit und lebe in inneren Frieden.<\/h3>\n<p>&nbsp;<\/p>\n<p><a href=\"https:\/\/www.reset-neustart.de\/index.php\/beispiel-seite\/reset-neu-bild-write\"><img loading=\"lazy\" decoding=\"async\" class=\"alignleft wp-image-973 size-full\" title=\"liveyourlive\" src=\"https:\/\/www.reset-neustart.de\/wp-content\/uploads\/2022\/10\/reset-neu-bild-write.jpg\" alt=\"\" width=\"650\" height=\"198\" srcset=\"https:\/\/www.reset-neustart.de\/wp-content\/uploads\/2022\/10\/reset-neu-bild-write.jpg 650w, https:\/\/www.reset-neustart.de\/wp-content\/uploads\/2022\/10\/reset-neu-bild-write-417x127.jpg 417w\" sizes=\"auto, (max-width: 650px) 100vw, 650px\" \/><\/a><\/p>\n<h2><\/h2>\n<h2><\/h2>\n<h2><\/h2>\n<h2><span style=\"color: #ff0000;\">\u00a0<\/span><\/h2>\n<h2><\/h2>\n<h2>THE JOURNEY\u00ae\u00a0Finde den Weg zur\u00fcck zu dir selbst<\/h2>\n<p>&nbsp;<\/p>\n<p style=\"font-weight: 400;\">Wir alle tragen Ballast aus vergangenen Erfahrungen und haben uns oft von unserem wahren Wesen entfernt, um anderen zu gefallen oder beruflich voranzukommen. Doch jetzt ist es an der Zeit, diesen Prozess umzukehren und zu uns selbst zur\u00fcckzufinden.<\/p>\n<p style=\"font-weight: 400;\">Mit The Journey<b>\u00ae<\/b>, der faszinierenden und bew\u00e4hrten Methode von Brandon Bays, kannst du Schritt f\u00fcr Schritt unliebsame Erinnerungen und traumatische Erfahrungen verarbeiten. Dies erm\u00f6glicht einen Neustart und schafft die Bedingungen f\u00fcr eine Ver\u00e4nderung in allen Lebensbereichen: Gesundheit, Karriere, Beziehung.<\/p>\n<p>&nbsp;<\/p>\n<h3 style=\"font-weight: 400;\">Ver\u00e4nderung ist m\u00f6glich, und du hast die Kraft, du selbst zu sein.<\/h3>\n<h3 style=\"font-weight: 400;\">Trau dich, den ersten Schritt zu gehen.<\/h3>\n<p>&nbsp;<\/p>\n<p style=\"font-weight: 400;\">Lass uns gemeinsam auf eine Entdeckungsreise gehen \u2013 in meinen Einzelsitzungen und Begleitungen nutzen wir das einf\u00fchlsame Erforschen und die bew\u00e4hrte Methode The Journey. Ich bin fest davon \u00fcberzeugt, dass die Antworten und L\u00f6sungen f\u00fcr deine Lebensthemen bereits in dir verborgen liegen. Gemeinsam k\u00f6nnen wir diese wertvollen Sch\u00e4tze ans Licht bringen.<\/p>\n<p style=\"font-weight: 400;\">Interessiert? Gerne teile ich weitere Informationen mit dir in einem <a href=\"mailto:Info@Reset-Neustart.de\">kostenfreien Erstgespr\u00e4ch<\/a>.<\/p>\n<p style=\"font-weight: 400;\">Dar\u00fcber hinaus biete ich Seminare f\u00fcr The Journey an sowie eigene Retreats und Workshops. Diese findest du in meinem Seminarkalender.<\/p>\n<p style=\"font-weight: 400;\">In der Rubrik &#8222;Aktuelles&#8220; kannst du einen Link zu meinem The Journey Online Workshop finden, sowie zu meinem Youtube-Kanal, auf dem dich gef\u00fchrte Meditationen und Mini-Prozesse zu verschiedenen Themen erwarten.<\/p>\n<p style=\"font-weight: 400;\">M\u00f6chtest du mehr erfahren oder live an den Online-Treffen teilnehmen? Melde dich einfach f\u00fcr meinen Newsletter an. Ich freue mich darauf, dich auf deinem Weg zu unterst\u00fctzen. <a href=\"https:\/\/reset-neustart.us9.list-manage.com\/subscribe?u=04cc8f34e60fa5f358c778c4f&amp;id=9ddbef0a80\">Hier kannst du dich anmelden<\/a>.<\/p>\n<h3><\/h3>\n<h4><\/h4>\n<p><a href=\"https:\/\/www.reset-neustart.de\/index.php\/beispiel-seite\/reset-neu-bild-scribble\"><img loading=\"lazy\" decoding=\"async\" class=\"alignleft wp-image-979 size-full\" title=\"sonneblumebettina\" src=\"https:\/\/www.reset-neustart.de\/wp-content\/uploads\/2022\/10\/reset-neu-bild-scribble.jpg\" alt=\"\" width=\"650\" height=\"198\" srcset=\"https:\/\/www.reset-neustart.de\/wp-content\/uploads\/2022\/10\/reset-neu-bild-scribble.jpg 650w, https:\/\/www.reset-neustart.de\/wp-content\/uploads\/2022\/10\/reset-neu-bild-scribble-417x127.jpg 417w\" sizes=\"auto, (max-width: 650px) 100vw, 650px\" \/><\/a><\/p>\n","protected":false},"excerpt":{"rendered":"<p>&nbsp; Entfessle deine Emotionen &amp; entdecke inneren Frieden \u2013 die Reise beginnt in dir! &nbsp; Unser Leben kann manchmal wie auf Autopilot verlaufen, und wir sp\u00fcren den starken Wunsch nach Ver\u00e4nderung. Vielleicht erkennen wir, dass wir uns von unserem wahren &hellip; <a href=\"https:\/\/www.reset-neustart.de\/\">Weiterlesen <span class=\"meta-nav\">&rarr;<\/span><\/a><\/p>\n","protected":false},"author":1,"featured_media":0,"parent":0,"menu_order":0,"comment_status":"closed","ping_status":"closed","template":"","meta":{"_monsterinsights_skip_tracking":false,"_monsterinsights_sitenote_active":false,"_monsterinsights_sitenote_note":"","_monsterinsights_sitenote_category":0,"footnotes":""},"class_list":["post-2","page","type-page","status-publish","hentry"],"_links":{"self":[{"href":"https:\/\/www.reset-neustart.de\/index.php\/wp-json\/wp\/v2\/pages\/2","targetHints":{"allow":["GET"]}}],"collection":[{"href":"https:\/\/www.reset-neustart.de\/index.php\/wp-json\/wp\/v2\/pages"}],"about":[{"href":"https:\/\/www.reset-neustart.de\/index.php\/wp-json\/wp\/v2\/types\/page"}],"author":[{"embeddable":true,"href":"https:\/\/www.reset-neustart.de\/index.php\/wp-json\/wp\/v2\/users\/1"}],"replies":[{"embeddable":true,"href":"https:\/\/www.reset-neustart.de\/index.php\/wp-json\/wp\/v2\/comments?post=2"}],"version-history":[{"count":48,"href":"https:\/\/www.reset-neustart.de\/index.php\/wp-json\/wp\/v2\/pages\/2\/revisions"}],"predecessor-version":[{"id":983,"href":"https:\/\/www.reset-neustart.de\/index.php\/wp-json\/wp\/v2\/pages\/2\/revisions\/983"}],"wp:attachment":[{"href":"https:\/\/www.reset-neustart.de\/index.php\/wp-json\/wp\/v2\/media?parent=2"}],"curies":[{"name":"wp","href":"https:\/\/api.w.org\/{rel}","templated":true}]}}